{"id":17,"date":"2019-11-27T13:51:20","date_gmt":"2019-11-27T13:51:20","guid":{"rendered":"https:\/\/filipaabreudesousa.com\/?page_id=17"},"modified":"2020-04-07T15:19:34","modified_gmt":"2020-04-07T14:19:34","slug":"the-new-umoma-opens-its-doors-2","status":"publish","type":"page","link":"https:\/\/filipaabreudesousa.com\/","title":{"rendered":"Homepage"},"content":{"rendered":"\n<div class=\"wp-block-group alignwide\"><div class=\"wp-block-group__inner-container is-layout-flow wp-block-group-is-layout-flow\">\n<h2 class=\"has-text-color has-text-align-center wp-block-heading\" style=\"color:#1f1f1f\">Encontramos solu\u00e7\u00f5es jur\u00eddicas com empenho, compet\u00eancia e excel\u00eancia.<\/h2>\n\n\n\n<div style=\"height:80px\" aria-hidden=\"true\" class=\"wp-block-spacer\"><\/div>\n<\/div><\/div>\n\n\n\n<p class=\"has-drop-cap\">Ao longo dos anos fomos construindo uma carteira de clientes baseada numa rela\u00e7\u00e3o de confian\u00e7a atrav\u00e9s do empenho, compet\u00eancia, experi\u00eancia e dinamismo nos servi\u00e7os prestados.<\/p>\n\n\n\n<div style=\"height:20px\" aria-hidden=\"true\" class=\"wp-block-spacer\"><\/div>\n\n\n\n<h4 class=\"img_cat_header wp-block-heading\">\u00c1reas de atua\u00e7\u00e3o<\/h4>\n\n\n\n<div style=\"height:20px\" aria-hidden=\"true\" class=\"wp-block-spacer\"><\/div>\n\n\n\n<div class=\"column_Img_Cat\">\t\n\t\t<img decoding=\"async\" class=\"ImgCat\" src=\"https:\/\/filipaabreudesousa.com\/wp-content\/uploads\/2020\/03\/child.png\" alt=\"Snow\">\n\t<\/div>\n\t<div class=\"column_Img_Cat_TXT\">\t\n\t\t<p style=\"top:25%;\">Fam\u00edlia<\/p>\n\t<\/div>\n\t\n\t<div class=\"column_Img_Cat\">\t\n\t\t<img decoding=\"async\" class=\"ImgCat\" src=\"https:\/\/filipaabreudesousa.com\/wp-content\/uploads\/2020\/03\/011-meeting.png\" alt=\"Snow\">\n\t<\/div>\n\t\n\t<div class=\"column_Img_Cat_TXT\">\t\n\t\t<p style=\"top:25%;\">Civil<\/p>\n\t<\/div>\n\t\n\t<div class=\"column_Img_Cat\">\t\n\t\t<img decoding=\"async\" class=\"ImgCat\" src=\"https:\/\/filipaabreudesousa.com\/wp-content\/uploads\/2020\/03\/002-shop.png\" alt=\"Snow\">\n\t<\/div>\n\t\n\t<div class=\"column_Img_Cat_TXT\">\t\n\t\t<p style=\"top:25%;\">Comercial<\/p>\n\t<\/div>\n\t\n\t<div class=\"column_Img_Cat\">\t\n\t\t<img decoding=\"async\" class=\"ImgCat\" src=\"https:\/\/filipaabreudesousa.com\/wp-content\/uploads\/2020\/03\/009-agreement.png\" alt=\"Snow\">\n\t<\/div>\n\t\n\t<div class=\"column_Img_Cat_TXT\">\t\n\t\t<p>Sociedades Comerciais<\/p>\n\t<\/div>\n\t\n\t<div class=\"column_Img_Cat\">\t\n\t\t<img decoding=\"async\" class=\"ImgCat\" src=\"https:\/\/filipaabreudesousa.com\/wp-content\/uploads\/2020\/03\/004-slash.png\" alt=\"Snow\">\n\t<\/div>\n\t\n\t<div class=\"column_Img_Cat_TXT\">\t\n\t\t<p style=\"top:25%;\">Insolv\u00eancia<\/p>\n\t<\/div>\n\n\n\n<div style=\"height:30px\" aria-hidden=\"true\" class=\"wp-block-spacer\"><\/div>\n\n\n\n<div class=\"column_Img_Cat\">\t\n\t\t<img decoding=\"async\" class=\"ImgCat\" src=\"https:\/\/filipaabreudesousa.com\/wp-content\/uploads\/2020\/03\/005-law.png\" alt=\"Snow\">\n\t<\/div>\n\t<div class=\"column_Img_Cat_TXT\">\t\n\t\t<p style=\"top:25%;\">Penal<\/p>\n\t<\/div>\n\t\n\t<div class=\"column_Img_Cat\">\t\n\t\t<img decoding=\"async\" class=\"ImgCat\" src=\"https:\/\/filipaabreudesousa.com\/wp-content\/uploads\/2020\/03\/006-edit.png\" alt=\"Snow\">\n\t<\/div>\n\t\n\t<div class=\"column_Img_Cat_TXT\">\t\n\t\t<p style=\"top:25%;\">Contratos<\/p>\n\t<\/div>\n\t\n\t<div class=\"column_Img_Cat\">\t\n\t\t<img decoding=\"async\" class=\"ImgCat\" src=\"https:\/\/filipaabreudesousa.com\/wp-content\/uploads\/2020\/03\/007-registration.png\" alt=\"Snow\">\n\t<\/div>\n\t\n\t<div class=\"column_Img_Cat_TXT\">\t\n\t\t<p>Registos e Notariado<\/p>\n\t<\/div>\n\t\n\t<div class=\"column_Img_Cat\">\t\n\t\t<img decoding=\"async\" class=\"ImgCat\" src=\"https:\/\/filipaabreudesousa.com\/wp-content\/uploads\/2020\/03\/001-town.png\" alt=\"Snow\">\n\t<\/div>\n\t\n\t<div class=\"column_Img_Cat_TXT\">\t\n\t\t<p style=\"top:25%;\">Arrendamento<\/p>\n\t<\/div>\n\t\n\t<div class=\"column_Img_Cat\">\t\n\t\t<img decoding=\"async\" class=\"ImgCat\" src=\"https:\/\/filipaabreudesousa.com\/wp-content\/uploads\/2020\/03\/008-hand.png\" alt=\"Snow\">\n\t<\/div>\n\t\n\t<div class=\"column_Img_Cat_TXT\">\t\n\t\t<p>Direito Fiscal e Cont. Tribut\u00e1rio<\/p>\n\t<\/div>\n\n\n\n<div style=\"height:30px\" aria-hidden=\"true\" class=\"wp-block-spacer\"><\/div>\n","protected":false},"excerpt":{"rendered":"<p>Encontramos solu\u00e7\u00f5es jur\u00eddicas com empenho, compet\u00eancia e excel\u00eancia. Ao longo dos anos fomos construindo uma carteira de clientes baseada numa rela\u00e7\u00e3o de confian\u00e7a atrav\u00e9s do empenho, compet\u00eancia, experi\u00eancia e dinamismo &#8230; <\/p>\n<div><a href=\"https:\/\/filipaabreudesousa.com\/\" class=\"more-link\">Read More<\/a><\/div>\n","protected":false},"author":1,"featured_media":57,"parent":0,"menu_order":0,"comment_status":"closed","ping_status":"closed","template":"template-layout-content-sidebar.php","meta":{"footnotes":""},"class_list":["post-17","page","type-page","status-publish","has-post-thumbnail","hentry"],"_links":{"self":[{"href":"https:\/\/filipaabreudesousa.com\/index.php?rest_route=\/wp\/v2\/pages\/17","targetHints":{"allow":["GET"]}}],"collection":[{"href":"https:\/\/filipaabreudesousa.com\/index.php?rest_route=\/wp\/v2\/pages"}],"about":[{"href":"https:\/\/filipaabreudesousa.com\/index.php?rest_route=\/wp\/v2\/types\/page"}],"author":[{"embeddable":true,"href":"https:\/\/filipaabreudesousa.com\/index.php?rest_route=\/wp\/v2\/users\/1"}],"replies":[{"embeddable":true,"href":"https:\/\/filipaabreudesousa.com\/index.php?rest_route=%2Fwp%2Fv2%2Fcomments&post=17"}],"version-history":[{"count":101,"href":"https:\/\/filipaabreudesousa.com\/index.php?rest_route=\/wp\/v2\/pages\/17\/revisions"}],"predecessor-version":[{"id":434,"href":"https:\/\/filipaabreudesousa.com\/index.php?rest_route=\/wp\/v2\/pages\/17\/revisions\/434"}],"wp:featuredmedia":[{"embeddable":true,"href":"https:\/\/filipaabreudesousa.com\/index.php?rest_route=\/wp\/v2\/media\/57"}],"wp:attachment":[{"href":"https:\/\/filipaabreudesousa.com\/index.php?rest_route=%2Fwp%2Fv2%2Fmedia&parent=17"}],"curies":[{"name":"wp","href":"https:\/\/api.w.org\/{rel}","templated":true}]}}