{"id":19,"date":"2019-11-27T13:51:20","date_gmt":"2019-11-27T13:51:20","guid":{"rendered":"https:\/\/filipaabreudesousa.com\/?page_id=19"},"modified":"2023-11-24T09:42:57","modified_gmt":"2023-11-24T09:42:57","slug":"contacto","status":"publish","type":"page","link":"https:\/\/filipaabreudesousa.com\/?page_id=19","title":{"rendered":"Contacto"},"content":{"rendered":"\n<div style=\"height:53px\" aria-hidden=\"true\" class=\"wp-block-spacer\"><\/div>\n\n\n\n<div class=\"wp-block-columns is-layout-flex wp-container-core-columns-is-layout-9d6595d7 wp-block-columns-is-layout-flex\">\n<div class=\"wp-block-column is-layout-flow wp-block-column-is-layout-flow\" style=\"flex-basis:33.33%\">\n<h3 class=\"wp-block-heading\">Morada<\/h3>\n\n\n\n<p class=\"Contacto_Texto\"><strong>P\u00f3voa de Varzim<\/strong><br>Rua Gomes de Amorim<br>Edif\u00edcio An\u00edbal de Sousa<br>n\u00ba45, 1\u00ba esq. 4490-641<\/p>\n\n\n\n<h3 class=\"wp-block-heading\">Contacto<\/h3>\n\n\n\n<p class=\"Contacto_Texto\">Telefone\/Fax: 252 683 434<br>Telem\u00f3vel: 967 668 716<\/p>\n\n\n\n<a href=\"mailto:escritorio@filipaabreudesousa.com\" class=\"button_mail_contactos\">Enviar e-mail<\/a>\n\n\n\n<p><\/p>\n<\/div>\n\n\n\n<div class=\"wp-block-column is-layout-flow wp-block-column-is-layout-flow\" style=\"flex-basis:66.66%\">\n<style type=\"text\/css\" id=\"umsMapStyles_1_19242\">\n    #ultimate_maps_1_19242 {\n        width: 100%;\n        height: 365px;\n                border: 0px solid ;\n        margin: 0px;\n    }\n    #mapsControlsNum_1_19242 {\n        width:100%    }\n    .umsMapDetailsContainer#umsMapDetailsContainer_1_19242 {\n        height:365px;\n    }\n    .ums_MapPreview#ultimate_maps_1_19242 {\n        \/*position:absolute;*\/\n        width:100%;\n    }\n    #mapConElem_1_19242{\n        width:100%    }\n    <\/style><div class=\"ums_map_opts\" id=\"mapConElem_1_19242\" data-id=\"1\" data-view-id=\"1_19242\" > <div class=\"umsMapDetailsContainer\" id=\"umsMapDetailsContainer_1_19242\"> <i class=\"umsKMLLayersPreloader fa fa-spinner fa-spin\" aria-hidden=\"true\" style=\"display: none;\"><\/i> <div class=\"ums_MapPreview \" id=\"ultimate_maps_1_19242\"><\/div> <\/div> <div class=\"umsMapMarkerFilters\" id=\"umsMapMarkerFilters_1_19242\"> <\/div> <div class=\"umsMapProControlsCon\" id=\"umsMapProControlsCon_1_19242\"> <a title=\"WordPress Google Maps\" style=\"display:none;\" href=\"https:\/\/supsystic.com\/plugins\/google-maps-plugin\/?utm_medium=love_link_hide\" target=\"_blank\">WordPress Google Maps<\/a><div style=\"clear: both;\"><\/div> <\/div> <div class=\"umsMapProDirectionsCon\" id=\"umsMapProDirectionsCon_1_19242\" > <\/div> <div class=\"umsMapProKmlFilterCon\" id=\"umsMapProKmlFilterCon_1_19242\" > <\/div> <div class=\"umsSocialSharingShell umsSocialSharingShell_1_19242\"> <\/div> <div style=\"clear: both;\"><\/div> <\/div>\n<\/div>\n<\/div>\n\n\n\n<p class=\"Contacto_Texto\">Entre em contacto para agendar uma consulta.<\/p>\n\n\n\n<h3 class=\"wp-block-heading\">Deixe a sua mensagem<\/h3>\n\n\n<div class=\"wpforms-container wpforms-container-full wpforms-block wpforms-block-438755ff-0a23-46aa-bac0-c7c640cad898\" id=\"wpforms-92\"><form id=\"wpforms-form-92\" class=\"wpforms-validate wpforms-form\" data-formid=\"92\" method=\"post\" enctype=\"multipart\/form-data\" action=\"\/index.php?rest_route=%2Fwp%2Fv2%2Fpages%2F19\" data-token=\"99ed80d7b5145feaa49852d22b159408\" data-token-time=\"1775410505\"><noscript class=\"wpforms-error-noscript\">Please enable JavaScript in your browser to complete this form.<\/noscript><div class=\"wpforms-field-container\"><div id=\"wpforms-92-field_0-container\" class=\"wpforms-field wpforms-field-name\" data-field-id=\"0\"><label class=\"wpforms-field-label\" for=\"wpforms-92-field_0\">Nome <span class=\"wpforms-required-label\">*<\/span><\/label><div class=\"wpforms-field-row wpforms-field-large\"><div class=\"wpforms-field-row-block wpforms-first wpforms-one-half\"><input type=\"text\" id=\"wpforms-92-field_0\" class=\"wpforms-field-name-first wpforms-field-required\" name=\"wpforms[fields][0][first]\" placeholder=\"Primeiro\" required><label for=\"wpforms-92-field_0\" class=\"wpforms-field-sublabel after wpforms-sublabel-hide\">First<\/label><\/div><div class=\"wpforms-field-row-block wpforms-one-half\"><input type=\"text\" id=\"wpforms-92-field_0-last\" class=\"wpforms-field-name-last wpforms-field-required\" name=\"wpforms[fields][0][last]\" placeholder=\"Apelido\" required><label for=\"wpforms-92-field_0-last\" class=\"wpforms-field-sublabel after wpforms-sublabel-hide\">Last<\/label><\/div><\/div><\/div><div id=\"wpforms-92-field_1-container\" class=\"wpforms-field wpforms-field-email\" data-field-id=\"1\"><label class=\"wpforms-field-label\" for=\"wpforms-92-field_1\">Email <span class=\"wpforms-required-label\">*<\/span><\/label><input type=\"email\" id=\"wpforms-92-field_1\" class=\"wpforms-field-large wpforms-field-required\" name=\"wpforms[fields][1]\" spellcheck=\"false\" required><\/div><div id=\"wpforms-92-field_3-container\" class=\"wpforms-field wpforms-field-number\" data-field-id=\"3\"><label class=\"wpforms-field-label\" for=\"wpforms-92-field_3\">Telefone<\/label><input type=\"number\" id=\"wpforms-92-field_3\" class=\"wpforms-field-large\" name=\"wpforms[fields][3]\" ><\/div><div id=\"wpforms-92-field_2-container\" class=\"wpforms-field wpforms-field-textarea\" data-field-id=\"2\"><label class=\"wpforms-field-label\" for=\"wpforms-92-field_2\">Mensagem <span class=\"wpforms-required-label\">*<\/span><\/label><textarea id=\"wpforms-92-field_2\" class=\"wpforms-field-small wpforms-field-required\" name=\"wpforms[fields][2]\" required><\/textarea><\/div><\/div><!-- .wpforms-field-container --><div class=\"wpforms-recaptcha-container wpforms-is-recaptcha wpforms-is-recaptcha-type-v3\" ><input type=\"hidden\" name=\"wpforms[recaptcha]\" value=\"\"><\/div><div class=\"wpforms-submit-container\" ><input type=\"hidden\" name=\"wpforms[id]\" value=\"92\"><input type=\"hidden\" name=\"page_title\" value=\"\"><input type=\"hidden\" name=\"page_url\" value=\"https:\/\/filipaabreudesousa.com\/index.php?rest_route=%2Fwp%2Fv2%2Fpages%2F19\"><button type=\"submit\" name=\"wpforms[submit]\" id=\"wpforms-submit-92\" class=\"wpforms-submit\" data-alt-text=\"Enviando...\" data-submit-text=\"Enviar\" aria-live=\"assertive\" value=\"wpforms-submit\">Enviar<\/button><\/div><\/form><\/div>  <!-- .wpforms-container -->","protected":false},"excerpt":{"rendered":"<p>Morada P\u00f3voa de VarzimRua Gomes de AmorimEdif\u00edcio An\u00edbal de Sousan\u00ba45, 1\u00ba esq. 4490-641 Contacto Telefone\/Fax: 252 683 434Telem\u00f3vel: 967 668 716 Enviar e-mail Entre em contacto para agendar uma consulta. &#8230; <\/p>\n<div><a href=\"https:\/\/filipaabreudesousa.com\/?page_id=19\" class=\"more-link\">Read More<\/a><\/div>\n","protected":false},"author":1,"featured_media":0,"parent":0,"menu_order":0,"comment_status":"closed","ping_status":"closed","template":"","meta":{"footnotes":""},"class_list":["post-19","page","type-page","status-publish","hentry","no-post-thumbnail"],"_links":{"self":[{"href":"https:\/\/filipaabreudesousa.com\/index.php?rest_route=\/wp\/v2\/pages\/19","targetHints":{"allow":["GET"]}}],"collection":[{"href":"https:\/\/filipaabreudesousa.com\/index.php?rest_route=\/wp\/v2\/pages"}],"about":[{"href":"https:\/\/filipaabreudesousa.com\/index.php?rest_route=\/wp\/v2\/types\/page"}],"author":[{"embeddable":true,"href":"https:\/\/filipaabreudesousa.com\/index.php?rest_route=\/wp\/v2\/users\/1"}],"replies":[{"embeddable":true,"href":"https:\/\/filipaabreudesousa.com\/index.php?rest_route=%2Fwp%2Fv2%2Fcomments&post=19"}],"version-history":[{"count":31,"href":"https:\/\/filipaabreudesousa.com\/index.php?rest_route=\/wp\/v2\/pages\/19\/revisions"}],"predecessor-version":[{"id":468,"href":"https:\/\/filipaabreudesousa.com\/index.php?rest_route=\/wp\/v2\/pages\/19\/revisions\/468"}],"wp:attachment":[{"href":"https:\/\/filipaabreudesousa.com\/index.php?rest_route=%2Fwp%2Fv2%2Fmedia&parent=19"}],"curies":[{"name":"wp","href":"https:\/\/api.w.org\/{rel}","templated":true}]}}